{"id":548,"date":"2020-12-11T16:43:12","date_gmt":"2020-12-11T16:43:12","guid":{"rendered":"https:\/\/bridgebarcelona.com\/?page_id=548"},"modified":"2020-12-11T16:44:54","modified_gmt":"2020-12-11T16:44:54","slug":"aviso-legal","status":"publish","type":"page","link":"https:\/\/bridgebarcelona.com\/es\/aviso-legal\/","title":{"rendered":"Aviso Legal"},"content":{"rendered":"\t\t<div data-elementor-type=\"wp-page\" data-elementor-id=\"548\" class=\"elementor elementor-548 elementor-536\" data-elementor-post-type=\"page\">\n\t\t\t\t\t\t<section class=\"elementor-section elementor-top-section elementor-element elementor-element-442db81 elementor-section-full_width elementor-section-height-default elementor-section-height-default\" data-id=\"442db81\" data-element_type=\"section\">\n\t\t\t\t\t\t<div class=\"elementor-container elementor-column-gap-default\">\n\t\t\t\t\t<div class=\"elementor-column elementor-col-100 elementor-top-column elementor-element elementor-element-5339462\" data-id=\"5339462\" data-element_type=\"column\">\n\t\t\t<div class=\"elementor-widget-wrap elementor-element-populated\">\n\t\t\t\t\t\t<div class=\"elementor-element elementor-element-d81c039 elementor-widget elementor-widget-heading\" data-id=\"d81c039\" data-element_type=\"widget\" data-widget_type=\"heading.default\">\n\t\t\t\t<div class=\"elementor-widget-container\">\n\t\t\t\t\t<h2 class=\"elementor-heading-title elementor-size-default\">Aviso Legal<\/h2>\t\t\t\t<\/div>\n\t\t\t\t<\/div>\n\t\t\t\t<div class=\"elementor-element elementor-element-852ce41 elementor-widget elementor-widget-text-editor\" data-id=\"852ce41\" data-element_type=\"widget\" data-widget_type=\"text-editor.default\">\n\t\t\t\t<div class=\"elementor-widget-container\">\n\t\t\t\t\t\t\t\t\t<div data-testid=\"richTextElement\">\n<p>En cumplimiento de lo dispuesto en el art\u00edculo 10 de la Ley 34\/2002, de 11 de julio, de Servicios de la Sociedad de la Informaci\u00f3n y Comercio Electr\u00f3nico, se pone a disposici\u00f3n de los Usuarios la informaci\u00f3n relativa a este sitio:<\/p>\n<p><strong>Titularidad de la p\u00e1gina web:<\/strong><\/p>\n<ul>\n<li>Denominaci\u00f3n Social: <strong>BRIDGE BCN PARTNERS, SL<\/strong><\/li>\n<li>Domicilio: Av. Diagonal n\u00ba 622 2\u00ba 1\u00aa A<\/li>\n<li>Tel\u00e9fono: +34 93.240.56.59 \/ +1 (786) 930-0993<\/li>\n<li>Correo electr\u00f3nico: <a href=\"mailto:info@bridgebarcelona.com\">info@bridgebarcelona.com<\/a><\/li>\n<\/ul>\n<p><strong>REFERENCIAS Y ENLACES A WEBS DE OTRAS ORGANIZACIONES<\/strong><\/p>\n<p>Algunas p\u00e1ginas de esta web contienen referencias o enlaces a webs de otras organizaciones. La presencia de estos enlaces tiene una finalidad informativa, no constituyendo en ning\u00fan caso una invitaci\u00f3n a la contrataci\u00f3n de productos o servicios que se ofrezcan en la p\u00e1gina web de destino. <strong>BRIDGE BCN PARTNERS, SL<\/strong> no se responsabiliza ni de la exactitud ni de la actualizaci\u00f3n de estas webs externas.<\/p>\n<p><strong>ADVERTENCIA SOBRE LA UTILIZACI\u00d3N DE COOKIES<\/strong><\/p>\n<p>Una cookie es un peque\u00f1o archivo de datos que algunos sitios web escriben en su unidad de disco cuando se visita. Un archivo cookie puede contener informaci\u00f3n como la identificaci\u00f3n de usuario, que el sitio web utiliza para rastrear las p\u00e1ginas que usted ha visitado. La \u00fanica informaci\u00f3n personal que un cookie puede contener es la informaci\u00f3n que usted mismo le proporciona. Una cookie no puede leer datos de su unidad de disco, ni puede ser ejecutada como un c\u00f3digo ni contener virus. Advertimos que esta p\u00e1gina puede utilizar cookies. El usuario tiene la opci\u00f3n de impedir la generaci\u00f3n de cookies, mediante la selecci\u00f3n de la correspondiente opci\u00f3n en su programa de navegaci\u00f3n.<\/p>\n<\/div>\t\t\t\t\t\t\t\t<\/div>\n\t\t\t\t<\/div>\n\t\t\t\t\t<\/div>\n\t\t<\/div>\n\t\t\t\t\t<\/div>\n\t\t<\/section>\n\t\t\t\t<\/div>\n\t\t","protected":false},"excerpt":{"rendered":"<p>Aviso Legal En cumplimiento de lo dispuesto en el art\u00edculo 10 de la Ley 34\/2002, de 11 de julio, de Servicios de la Sociedad de la Informaci\u00f3n y Comercio Electr\u00f3nico, se pone a disposici\u00f3n de los Usuarios la informaci\u00f3n relativa a este sitio: Titularidad de la p\u00e1gina web: Denominaci\u00f3n Social: BRIDGE BCN PARTNERS, SL Domicilio: [&hellip;]<\/p>\n","protected":false},"author":1,"featured_media":0,"parent":0,"menu_order":0,"comment_status":"closed","ping_status":"closed","template":"","meta":{"site-sidebar-layout":"no-sidebar","site-content-layout":"page-builder","ast-site-content-layout":"default","site-content-style":"default","site-sidebar-style":"default","ast-global-header-display":"","ast-banner-title-visibility":"","ast-main-header-display":"","ast-hfb-above-header-display":"","ast-hfb-below-header-display":"","ast-hfb-mobile-header-display":"","site-post-title":"disabled","ast-breadcrumbs-content":"","ast-featured-img":"disabled","footer-sml-layout":"","theme-transparent-header-meta":"default","adv-header-id-meta":"","stick-header-meta":"","header-above-stick-meta":"","header-main-stick-meta":"","header-below-stick-meta":"","astra-migrate-meta-layouts":"default","ast-page-background-enabled":"default","ast-page-background-meta":{"desktop":{"background-color":"","background-image":"","background-repeat":"repeat","background-position":"center center","background-size":"auto","background-attachment":"scroll","background-type":"","background-media":"","overlay-type":"","overlay-color":"","overlay-opacity":"","overlay-gradient":""},"tablet":{"background-color":"","background-image":"","background-repeat":"repeat","background-position":"center center","background-size":"auto","background-attachment":"scroll","background-type":"","background-media":"","overlay-type":"","overlay-color":"","overlay-opacity":"","overlay-gradient":""},"mobile":{"background-color":"","background-image":"","background-repeat":"repeat","background-position":"center center","background-size":"auto","background-attachment":"scroll","background-type":"","background-media":"","overlay-type":"","overlay-color":"","overlay-opacity":"","overlay-gradient":""}},"ast-content-background-meta":{"desktop":{"background-color":"var(--ast-global-color-5)","background-image":"","background-repeat":"repeat","background-position":"center center","background-size":"auto","background-attachment":"scroll","background-type":"","background-media":"","overlay-type":"","overlay-color":"","overlay-opacity":"","overlay-gradient":""},"tablet":{"background-color":"var(--ast-global-color-5)","background-image":"","background-repeat":"repeat","background-position":"center center","background-size":"auto","background-attachment":"scroll","background-type":"","background-media":"","overlay-type":"","overlay-color":"","overlay-opacity":"","overlay-gradient":""},"mobile":{"background-color":"var(--ast-global-color-5)","background-image":"","background-repeat":"repeat","background-position":"center center","background-size":"auto","background-attachment":"scroll","background-type":"","background-media":"","overlay-type":"","overlay-color":"","overlay-opacity":"","overlay-gradient":""}},"footnotes":""},"class_list":["post-548","page","type-page","status-publish","hentry"],"_links":{"self":[{"href":"https:\/\/bridgebarcelona.com\/es\/wp-json\/wp\/v2\/pages\/548"}],"collection":[{"href":"https:\/\/bridgebarcelona.com\/es\/wp-json\/wp\/v2\/pages"}],"about":[{"href":"https:\/\/bridgebarcelona.com\/es\/wp-json\/wp\/v2\/types\/page"}],"author":[{"embeddable":true,"href":"https:\/\/bridgebarcelona.com\/es\/wp-json\/wp\/v2\/users\/1"}],"replies":[{"embeddable":true,"href":"https:\/\/bridgebarcelona.com\/es\/wp-json\/wp\/v2\/comments?post=548"}],"version-history":[{"count":6,"href":"https:\/\/bridgebarcelona.com\/es\/wp-json\/wp\/v2\/pages\/548\/revisions"}],"predecessor-version":[{"id":554,"href":"https:\/\/bridgebarcelona.com\/es\/wp-json\/wp\/v2\/pages\/548\/revisions\/554"}],"wp:attachment":[{"href":"https:\/\/bridgebarcelona.com\/es\/wp-json\/wp\/v2\/media?parent=548"}],"curies":[{"name":"wp","href":"https:\/\/api.w.org\/{rel}","templated":true}]}}